{"id":1006,"date":"2021-12-18T14:18:55","date_gmt":"2021-12-18T13:18:55","guid":{"rendered":"https:\/\/thelove.rs\/?page_id=1006"},"modified":"2022-09-21T16:45:11","modified_gmt":"2022-09-21T14:45:11","slug":"hem","status":"publish","type":"page","link":"https:\/\/thelove.rs\/index.php\/sv\/hem\/","title":{"rendered":"Hem"},"content":{"rendered":"<div data-colibri-id=\"1006-c1\" class=\"style-756 style-local-1006-c1 position-relative\">\n  <!---->\n  <div data-colibri-component=\"section\" data-colibri-id=\"1006-c2\" id=\"features\" class=\"h-section h-section-global-spacing d-flex align-items-lg-center align-items-md-center align-items-center style-757 style-local-1006-c2 position-relative\">\n    <!---->\n    <!---->\n    <div class=\"h-section-grid-container h-section-boxed-container\">\n      <div data-colibri-id=\"1006-c7\" class=\"h-row-container gutters-row-lg-2 gutters-row-md-2 gutters-row-0 gutters-row-v-lg-2 gutters-row-v-md-2 gutters-row-v-2 style-762 style-local-1006-c7 position-relative\">\n        <!---->\n        <div class=\"h-row justify-content-lg-center justify-content-md-center justify-content-center align-items-lg-stretch align-items-md-stretch align-items-stretch gutters-col-lg-2 gutters-col-md-2 gutters-col-0 gutters-col-v-lg-2 gutters-col-v-md-2 gutters-col-v-2\">\n          <!---->\n          <div class=\"h-column h-column-container d-flex h-col-lg-auto h-col-md-auto h-col-auto style-763-outer style-local-1006-c8-outer\">\n            <div data-colibri-id=\"1006-c8\" class=\"d-flex h-flex-basis h-column__inner h-px-lg-2 h-px-md-2 h-px-2 v-inner-lg-2 v-inner-md-2 v-inner-2 style-763 style-local-1006-c8 position-relative\">\n              <!---->\n              <!---->\n              <div class=\"w-100 h-y-container h-column__content h-column__v-align flex-basis-100 align-self-lg-start align-self-md-start align-self-start\">\n                <!---->\n                <div data-colibri-id=\"1006-c9\" class=\"h-global-transition-all h-heading style-764 style-local-1006-c9 position-relative h-element\">\n                  <!---->\n                  <div class=\"h-heading__outer style-764 style-local-1006-c9\">\n                    <!---->\n                    <!---->\n                    <h2 class=\"\">V\u00e4lkomna till The Lovers!<\/h2>\n                  <\/div>\n                <\/div>\n                <div data-colibri-id=\"1006-c10\" class=\"h-lead h-text h-text-component style-765 style-local-1006-c10 position-relative h-element\">\n                  <!---->\n                  <!---->\n                  <div class=\"\">\n                    <p>Vi \u00e4r Hunter &amp; Therese Mabon och har varit ett par sedan b\u00f6rjan p\u00e5 90-talet. Vi hoppas att vi kan hj\u00e4lpa och inspirera s\u00e5 m\u00e5nga par som m\u00f6jligt att leva sina liv lyckliga tillsammans s\u00e5 l\u00e4nge som m\u00f6jligt.<\/p>\n                  <\/div>\n                <\/div>\n              <\/div>\n            <\/div>\n          <\/div>\n        <\/div>\n      <\/div>\n      <div data-colibri-id=\"1006-c3\" class=\"h-row-container gutters-row-lg-2 gutters-row-md-2 gutters-row-2 gutters-row-v-lg-2 gutters-row-v-md-2 gutters-row-v-2 style-758 style-local-1006-c3 position-relative\">\n        <!---->\n        <div class=\"h-row justify-content-lg-center justify-content-md-center justify-content-center align-items-lg-stretch align-items-md-stretch align-items-stretch gutters-col-lg-2 gutters-col-md-2 gutters-col-2 gutters-col-v-lg-2 gutters-col-v-md-2 gutters-col-v-2\">\n          <!---->\n          <div class=\"h-column h-column-container d-flex h-col-lg-3 h-col-md-3 h-col-6 style-759-outer style-local-1006-c4-outer\">\n            <div data-colibri-id=\"1006-c4\" class=\"d-flex h-flex-basis h-column__inner h-px-lg-0 h-px-md-0 h-px-0 v-inner-lg-0 v-inner-md-0 v-inner-2 style-759 style-local-1006-c4 position-relative\">\n              <!---->\n              <!---->\n              <div class=\"w-100 h-y-container h-column__content h-column__v-align flex-basis-100 align-self-lg-start align-self-md-start align-self-start\">\n                <!---->\n                <div data-colibri-id=\"1006-c5\" class=\"h-x-container style-760 style-local-1006-c5 position-relative h-element\">\n                  <!---->\n                  <div class=\"h-x-container-inner style-dynamic-1006-c5-group style-760-spacing style-local-1006-c5-spacing\"><span class=\"h-button__outer style-761-outer style-local-1006-c6-outer d-inline-flex h-element\"><a h-use-smooth-scroll=\"true\" href=\"https:\/\/thelove.rs\/index.php\/sv\/var-story\/?customize_changeset_uuid=29ceba0b-b7b3-4511-8512-6b22f59e2eff\"  data-colibri-id=\"1006-c6\" class=\"d-flex w-100 align-items-center h-button justify-content-lg-center justify-content-md-center justify-content-center style-761 style-local-1006-c6 position-relative\"><!----><!----> <span>V\u00e5r story<\/span><\/a>\n                    <\/span>\n                  <\/div>\n                <\/div>\n              <\/div>\n            <\/div>\n          <\/div>\n        <\/div>\n      <\/div>\n    <\/div>\n  <\/div>\n  <div data-colibri-component=\"section\" data-colibri-id=\"1006-c11\" id=\"custom\" class=\"h-section h-section-global-spacing d-flex align-items-lg-center align-items-md-center align-items-center style-766 style-local-1006-c11 position-relative\">\n    <!---->\n    <!---->\n    <div class=\"h-section-grid-container h-section-boxed-container\">\n      <!---->\n      <div data-colibri-id=\"1006-c12\" class=\"h-row-container gutters-row-lg-2 gutters-row-md-2 gutters-row-0 gutters-row-v-lg-2 gutters-row-v-md-2 gutters-row-v-2 style-767 style-local-1006-c12 position-relative\">\n        <!---->\n        <div class=\"h-row justify-content-lg-center justify-content-md-center justify-content-center align-items-lg-stretch align-items-md-stretch align-items-stretch gutters-col-lg-2 gutters-col-md-2 gutters-col-0 gutters-col-v-lg-2 gutters-col-v-md-2 gutters-col-v-2\">\n          <!---->\n          <div class=\"h-column h-column-container d-flex h-col-lg-auto h-col-md-auto h-col-auto style-768-outer style-local-1006-c13-outer\">\n            <div data-colibri-id=\"1006-c13\" class=\"d-flex h-flex-basis h-column__inner h-px-lg-2 h-px-md-2 h-px-2 v-inner-lg-2 v-inner-md-2 v-inner-2 style-768 style-local-1006-c13 position-relative\">\n              <!---->\n              <!---->\n              <div class=\"w-100 h-y-container h-column__content h-column__v-align flex-basis-100 align-self-lg-start align-self-md-start align-self-start\">\n                <!---->\n                <div data-colibri-id=\"1006-c14\" class=\"h-global-transition-all h-heading style-769 style-local-1006-c14 position-relative h-element\">\n                  <!---->\n                  <div class=\"h-heading__outer style-769 style-local-1006-c14\">\n                    <!---->\n                    <!---->\n                    <h3 class=\"\">&#8220;Snippets &#8211; The Lovers Podcast&#8221;<\/h3>\n                  <\/div>\n                <\/div>\n                <div data-colibri-id=\"1006-c15\" class=\"h-text h-text-component style-770 style-local-1006-c15 position-relative h-element\">\n                  <!---->\n                  <!---->\n                  <div class=\"\">\n                    <p>Namnet p\u00e5 v\u00e5r Podcast. D\u00e4r delar vi p\u00e5 v\u00e4rdefulla och anv\u00e4ndbara tips i v\u00e5ra korta och l\u00e4tta att f\u00f6rst\u00e5 avsnitt.<\/p>\n                    <p>\n                      <br>\n                    <\/p>\n                  <\/div>\n                <\/div>\n                <div data-colibri-id=\"1006-c16\" class=\"h-x-container style-771 style-local-1006-c16 position-relative h-element\">\n                  <!---->\n                  <div class=\"h-x-container-inner style-dynamic-1006-c16-group style-771-spacing style-local-1006-c16-spacing\"><span class=\"h-button__outer style-772-outer style-local-1006-c17-outer d-inline-flex h-element\"><a h-use-smooth-scroll=\"true\" href=\"https:\/\/thelove.rs\/index.php\/sv\/podcast\/?customize_changeset_uuid=a3b9216d-a1cd-4531-96ec-779275131d82\"  data-colibri-id=\"1006-c17\" class=\"d-flex w-100 align-items-center h-button justify-content-lg-center justify-content-md-center justify-content-center style-772 style-local-1006-c17 position-relative\"><!----><!----> <span>L\u00e4s mer<\/span><\/a>\n                    <\/span>\n                  <\/div>\n                <\/div>\n              <\/div>\n            <\/div>\n          <\/div>\n          <div class=\"h-column h-column-container d-flex h-col-lg-auto h-col-md-auto h-col-auto style-773-outer style-local-1006-c18-outer\">\n            <div data-colibri-id=\"1006-c18\" class=\"d-flex h-flex-basis h-column__inner h-px-lg-2 h-px-md-2 h-px-2 v-inner-lg-2 v-inner-md-2 v-inner-2 style-773 style-local-1006-c18 position-relative\">\n              <!---->\n              <!---->\n              <div class=\"w-100 h-y-container h-column__content h-column__v-align flex-basis-100 align-self-lg-start align-self-md-start align-self-start\">\n                <!---->\n                <div data-colibri-id=\"1006-c19\" class=\"d-block style-774 style-local-1006-c19 position-relative h-element\">\n                  <!---->\n                  <div class=\"h-image__frame-container-outer\">\n                    <div class=\"h-image__frame-container\">\n                      <!---->\n                      <!---->\n                      <img loading=\"lazy\" decoding=\"async\" width=\"2560\" height=\"1679\" src=\"https:\/\/thelove.rs\/wp-content\/uploads\/2021\/11\/DSC01117-scaled.jpg\" class=\"wp-image-771 style-774-image style-local-1006-c19-image\" alt=\"\" srcset=\"https:\/\/thelove.rs\/wp-content\/uploads\/2021\/11\/DSC01117-scaled.jpg 2560w, https:\/\/thelove.rs\/wp-content\/uploads\/2021\/11\/DSC01117-300x197.jpg 300w, https:\/\/thelove.rs\/wp-content\/uploads\/2021\/11\/DSC01117-1024x672.jpg 1024w, https:\/\/thelove.rs\/wp-content\/uploads\/2021\/11\/DSC01117-768x504.jpg 768w, https:\/\/thelove.rs\/wp-content\/uploads\/2021\/11\/DSC01117-1536x1007.jpg 1536w, https:\/\/thelove.rs\/wp-content\/uploads\/2021\/11\/DSC01117-2048x1343.jpg 2048w, https:\/\/thelove.rs\/wp-content\/uploads\/2021\/11\/DSC01117-1568x1028.jpg 1568w\" sizes=\"auto, (max-width: 2560px) 100vw, 2560px\" \/>\n                      <div class=\"h-image__frame h-hide-lg h-hide-md h-hide-sm style-774-frameImage style-local-1006-c19-frameImage\"><\/div>\n                    <\/div>\n                  <\/div>\n                <\/div>\n              <\/div>\n            <\/div>\n          <\/div>\n        <\/div>\n      <\/div>\n    <\/div>\n  <\/div>\n  <div data-colibri-component=\"section\" data-colibri-id=\"1006-c20\" id=\"custom-2\" class=\"h-section h-section-global-spacing d-flex align-items-lg-center align-items-md-center align-items-center style-775 style-local-1006-c20 position-relative\">\n    <!---->\n    <!---->\n    <div class=\"h-section-grid-container h-section-boxed-container\">\n      <!---->\n      <div data-colibri-id=\"1006-c21\" class=\"h-row-container gutters-row-lg-2 gutters-row-md-2 gutters-row-0 gutters-row-v-lg-2 gutters-row-v-md-2 gutters-row-v-2 style-776 style-local-1006-c21 position-relative\">\n        <!---->\n        <div class=\"h-row justify-content-lg-center justify-content-md-center justify-content-center align-items-lg-stretch align-items-md-stretch align-items-stretch gutters-col-lg-2 gutters-col-md-2 gutters-col-0 gutters-col-v-lg-2 gutters-col-v-md-2 gutters-col-v-2\">\n          <!---->\n          <div class=\"h-column h-column-container d-flex h-col-lg-auto h-col-md-auto h-col-auto style-777-outer style-local-1006-c22-outer\">\n            <div data-colibri-id=\"1006-c22\" class=\"d-flex h-flex-basis h-column__inner h-px-lg-2 h-px-md-2 h-px-2 v-inner-lg-2 v-inner-md-2 v-inner-2 style-777 style-local-1006-c22 position-relative\">\n              <!---->\n              <!---->\n              <div class=\"w-100 h-y-container h-column__content h-column__v-align flex-basis-100 align-self-lg-start align-self-md-start align-self-start\">\n                <!---->\n                <div data-colibri-id=\"1006-c23\" class=\"d-block style-778 style-local-1006-c23 position-relative h-element\">\n                  <!---->\n                  <div class=\"h-image__frame-container-outer\">\n                    <div class=\"h-image__frame-container\">\n                      <!---->\n                      <!---->\n                      <img loading=\"lazy\" decoding=\"async\" width=\"1703\" height=\"2560\" src=\"https:\/\/i1.wp.com\/thelove.rs\/wp-content\/uploads\/2021\/11\/Pergolan-scaled.jpg?fit=1703%2C2560&amp;ssl=1\" class=\"wp-image-785 style-778-image style-local-1006-c23-image\" alt=\"\" srcset=\"https:\/\/thelove.rs\/wp-content\/uploads\/2021\/11\/Pergolan-scaled.jpg 1703w, https:\/\/thelove.rs\/wp-content\/uploads\/2021\/11\/Pergolan-200x300.jpg 200w, https:\/\/thelove.rs\/wp-content\/uploads\/2021\/11\/Pergolan-681x1024.jpg 681w, https:\/\/thelove.rs\/wp-content\/uploads\/2021\/11\/Pergolan-768x1154.jpg 768w, https:\/\/thelove.rs\/wp-content\/uploads\/2021\/11\/Pergolan-1022x1536.jpg 1022w, https:\/\/thelove.rs\/wp-content\/uploads\/2021\/11\/Pergolan-1363x2048.jpg 1363w, https:\/\/thelove.rs\/wp-content\/uploads\/2021\/11\/Pergolan-1568x2357.jpg 1568w\" sizes=\"auto, (max-width: 1703px) 100vw, 1703px\" \/>\n                      <div class=\"h-image__frame h-hide-lg h-hide-md h-hide-sm style-778-frameImage style-local-1006-c23-frameImage\"><\/div>\n                    <\/div>\n                  <\/div>\n                <\/div>\n              <\/div>\n            <\/div>\n          <\/div>\n          <div class=\"h-column h-column-container d-flex h-col-lg-auto h-col-md-auto h-col-auto style-779-outer style-local-1006-c24-outer\">\n            <div data-colibri-id=\"1006-c24\" class=\"d-flex h-flex-basis h-column__inner h-px-lg-3 h-px-md-3 h-px-3 v-inner-lg-3 v-inner-md-3 v-inner-3 style-779 style-local-1006-c24 position-relative\">\n              <!---->\n              <!---->\n              <div class=\"w-100 h-y-container h-column__content h-column__v-align flex-basis-100 align-self-lg-start align-self-md-start align-self-start\">\n                <!---->\n                <div data-colibri-id=\"1006-c25\" class=\"h-text h-text-component style-780 style-local-1006-c25 position-relative h-element\">\n                  <!---->\n                  <!---->\n                  <div class=\"\">\n                    <p>\n                      <br>\n                    <\/p>\n                    <p>\n                      <br>\n                    <\/p>\n                    <p>F\u00f6r modiga och smarta par s\u00e5 utf\u00f6r vi parcoaching. Om ni k\u00e4nner att ni beh\u00f6ver skjuts i er relation eller att ni st\u00e5r och stampar p\u00e5 samma plats s\u00e5 kan detta vara n\u00e5got f\u00f6r er. Live eller online.<\/p>\n                    <p>\n                      <br>\n                    <\/p>\n                  <\/div>\n                <\/div>\n                <div data-colibri-id=\"1006-c26\" class=\"h-x-container style-781 style-local-1006-c26 position-relative h-element\">\n                  <!---->\n                  <div class=\"h-x-container-inner style-dynamic-1006-c26-group style-781-spacing style-local-1006-c26-spacing\"><span class=\"h-button__outer style-782-outer style-local-1006-c27-outer d-inline-flex h-element\"><a h-use-smooth-scroll=\"true\" href=\"https:\/\/thelove.rs\/index.php\/sv\/relationscoaching-for-par-2\/?customize_changeset_uuid=29ceba0b-b7b3-4511-8512-6b22f59e2eff\"  data-colibri-id=\"1006-c27\" class=\"d-flex w-100 align-items-center h-button justify-content-lg-center justify-content-md-center justify-content-center style-782 style-local-1006-c27 position-relative\"><!----><!----> <span>Vad \u00e4r parcoaching?<\/span><\/a>\n                    <\/span>\n                  <\/div>\n                <\/div>\n              <\/div>\n            <\/div>\n          <\/div>\n        <\/div>\n      <\/div>\n    <\/div>\n  <\/div>\n  <div data-colibri-component=\"section\" data-colibri-id=\"1006-c36\" id=\"custom-4\" class=\"h-section h-section-global-spacing d-flex align-items-lg-center align-items-md-center align-items-center style-791 style-local-1006-c36 position-relative\">\n    <!---->\n    <!---->\n    <div class=\"h-section-grid-container h-section-boxed-container\">\n      <!---->\n      <div data-colibri-id=\"1006-c37\" class=\"h-row-container gutters-row-lg-2 gutters-row-md-2 gutters-row-0 gutters-row-v-lg-2 gutters-row-v-md-2 gutters-row-v-2 style-792 style-local-1006-c37 position-relative\">\n        <!---->\n        <div class=\"h-row justify-content-lg-center justify-content-md-center justify-content-center align-items-lg-stretch align-items-md-stretch align-items-stretch gutters-col-lg-2 gutters-col-md-2 gutters-col-0 gutters-col-v-lg-2 gutters-col-v-md-2 gutters-col-v-2\">\n          <!---->\n          <div class=\"h-column h-column-container d-flex h-col-lg-auto h-col-md-auto h-col-auto style-793-outer style-local-1006-c38-outer\">\n            <div data-colibri-id=\"1006-c38\" class=\"d-flex h-flex-basis h-column__inner h-px-lg-2 h-px-md-2 h-px-2 v-inner-lg-2 v-inner-md-2 v-inner-2 style-793 style-local-1006-c38 position-relative\">\n              <!---->\n              <!---->\n              <div class=\"w-100 h-y-container h-column__content h-column__v-align flex-basis-100 align-self-lg-start align-self-md-start align-self-start\">\n                <!---->\n                <div data-colibri-id=\"1006-c39\" class=\"d-block style-794 style-local-1006-c39 position-relative h-element\">\n                  <!---->\n                  <div class=\"h-image__frame-container-outer\">\n                    <div class=\"h-image__frame-container\">\n                      <!---->\n                      <!---->\n                      <img loading=\"lazy\" decoding=\"async\" width=\"1011\" height=\"149\" src=\"https:\/\/thelove.rs\/wp-content\/uploads\/2021\/12\/New_Lovers_logo.png\" class=\"wp-image-805 style-794-image style-local-1006-c39-image\" alt=\"\" srcset=\"https:\/\/thelove.rs\/wp-content\/uploads\/2021\/12\/New_Lovers_logo.png 1011w, https:\/\/thelove.rs\/wp-content\/uploads\/2021\/12\/New_Lovers_logo-300x44.png 300w, https:\/\/thelove.rs\/wp-content\/uploads\/2021\/12\/New_Lovers_logo-768x113.png 768w\" sizes=\"auto, (max-width: 1011px) 100vw, 1011px\" \/>\n                      <div class=\"h-image__frame h-hide-lg h-hide-md h-hide-sm style-794-frameImage style-local-1006-c39-frameImage\"><\/div>\n                    <\/div>\n                  <\/div>\n                <\/div>\n              <\/div>\n            <\/div>\n          <\/div>\n        <\/div>\n      <\/div>\n    <\/div>\n  <\/div>\n  <div data-colibri-component=\"section\" data-colibri-id=\"1006-c40\" id=\"custom-5\" class=\"h-section h-section-global-spacing d-flex align-items-lg-center align-items-md-center align-items-center style-795 style-local-1006-c40 position-relative\">\n    <!---->\n    <!---->\n    <div class=\"h-section-grid-container h-section-boxed-container\">\n      <!---->\n      <div data-colibri-id=\"1006-c41\" class=\"h-row-container gutters-row-lg-2 gutters-row-md-2 gutters-row-0 gutters-row-v-lg-2 gutters-row-v-md-2 gutters-row-v-2 style-796 style-local-1006-c41 position-relative\">\n        <!---->\n        <div class=\"h-row justify-content-lg-center justify-content-md-center justify-content-center align-items-lg-stretch align-items-md-stretch align-items-stretch gutters-col-lg-2 gutters-col-md-2 gutters-col-0 gutters-col-v-lg-2 gutters-col-v-md-2 gutters-col-v-2\">\n          <!---->\n          <div class=\"h-column h-column-container d-flex h-col-lg-auto h-col-md-auto h-col-auto style-797-outer style-local-1006-c42-outer\">\n            <div data-colibri-id=\"1006-c42\" class=\"d-flex h-flex-basis h-column__inner h-px-lg-2 h-px-md-2 h-px-2 v-inner-lg-2 v-inner-md-2 v-inner-2 style-797 style-local-1006-c42 position-relative\">\n              <!---->\n              <!---->\n              <div class=\"w-100 h-y-container h-column__content h-column__v-align flex-basis-100 align-self-lg-start align-self-md-start align-self-start\">\n                <!---->\n                <div data-colibri-id=\"1006-c43\" class=\"d-block style-798 style-local-1006-c43 position-relative h-element\">\n                  <!---->\n                  <div class=\"h-image__frame-container-outer\">\n                    <div class=\"h-image__frame-container\">\n                      <!---->\n                      <!---->\n                      <img loading=\"lazy\" decoding=\"async\" width=\"300\" height=\"200\" src=\"https:\/\/thelove.rs\/wp-content\/uploads\/2021\/12\/Tilda_Icons_17ked_bulb.png\" class=\"wp-image-795 style-798-image style-local-1006-c43-image\" alt=\"\" \/>\n                      <div class=\"h-image__frame h-hide-lg h-hide-md h-hide-sm style-798-frameImage style-local-1006-c43-frameImage\"><\/div>\n                    <\/div>\n                  <\/div>\n                <\/div>\n              <\/div>\n            <\/div>\n          <\/div>\n          <div class=\"h-column h-column-container d-flex h-col-lg-auto h-col-md-auto h-col-auto style-799-outer style-local-1006-c44-outer\">\n            <div data-colibri-id=\"1006-c44\" class=\"d-flex h-flex-basis h-column__inner h-px-lg-2 h-px-md-2 h-px-2 v-inner-lg-2 v-inner-md-2 v-inner-2 style-799 style-local-1006-c44 position-relative\">\n              <!---->\n              <!---->\n              <div class=\"w-100 h-y-container h-column__content h-column__v-align flex-basis-100 align-self-lg-start align-self-md-start align-self-start\">\n                <!---->\n                <div data-colibri-id=\"1006-c45\" class=\"h-text h-text-component style-800 style-local-1006-c45 position-relative h-element\">\n                  <!---->\n                  <!---->\n                  <div class=\"\">\n                    <p>Om du gillar att l\u00e4sa dig till kunskap s\u00e5 har vi skrivit ett antal artiklar, p\u00e5 b\u00e5de Svenska och Engelska, som kan b\u00e5de l\u00e4ra och inspirera er fram\u00f6ver.<\/p>\n                    <p>\n                      <br>\n                    <\/p>\n                  <\/div>\n                <\/div>\n                <div data-colibri-id=\"1006-c46\" class=\"h-x-container style-801 style-local-1006-c46 position-relative h-element\">\n                  <!---->\n                  <div class=\"h-x-container-inner style-dynamic-1006-c46-group style-801-spacing style-local-1006-c46-spacing\"><span class=\"h-button__outer style-802-outer style-local-1006-c47-outer d-inline-flex h-element\"><a h-use-smooth-scroll=\"true\" href=\"https:\/\/thelove.rs\/index.php\/sv\/artiklar\/?customize_changeset_uuid=29ceba0b-b7b3-4511-8512-6b22f59e2eff\"  data-colibri-id=\"1006-c47\" class=\"d-flex w-100 align-items-center h-button justify-content-lg-center justify-content-md-center justify-content-center style-802 style-local-1006-c47 position-relative\"><!----><!----> <span>Artiklar<\/span><\/a>\n                    <\/span>\n                  <\/div>\n                <\/div>\n              <\/div>\n            <\/div>\n          <\/div>\n        <\/div>\n      <\/div>\n    <\/div>\n  <\/div>\n<\/div>","protected":false},"excerpt":{"rendered":"<p>V\u00e4lkomna till The Lovers! Vi \u00e4r Hunter &amp; Therese Mabon och har varit ett par sedan b\u00f6rjan p\u00e5 90-talet. Vi hoppas att vi kan hj\u00e4lpa och inspirera s\u00e5 m\u00e5nga par som m\u00f6jligt att leva sina liv lyckliga tillsammans s\u00e5 l\u00e4nge som m\u00f6jligt. V\u00e5r story &#8220;Snippets &#8211; The Lovers Podcast&#8221; Namnet p\u00e5 v\u00e5r Podcast. D\u00e4r delar [&hellip;]<\/p>\n","protected":false},"author":3,"featured_media":0,"parent":0,"menu_order":0,"comment_status":"closed","ping_status":"closed","template":"page-templates\/homepage.php","meta":{"footnotes":""},"class_list":["post-1006","page","type-page","status-publish","hentry"],"_links":{"self":[{"href":"https:\/\/thelove.rs\/index.php\/wp-json\/wp\/v2\/pages\/1006","targetHints":{"allow":["GET"]}}],"collection":[{"href":"https:\/\/thelove.rs\/index.php\/wp-json\/wp\/v2\/pages"}],"about":[{"href":"https:\/\/thelove.rs\/index.php\/wp-json\/wp\/v2\/types\/page"}],"author":[{"embeddable":true,"href":"https:\/\/thelove.rs\/index.php\/wp-json\/wp\/v2\/users\/3"}],"replies":[{"embeddable":true,"href":"https:\/\/thelove.rs\/index.php\/wp-json\/wp\/v2\/comments?post=1006"}],"version-history":[{"count":7,"href":"https:\/\/thelove.rs\/index.php\/wp-json\/wp\/v2\/pages\/1006\/revisions"}],"predecessor-version":[{"id":1355,"href":"https:\/\/thelove.rs\/index.php\/wp-json\/wp\/v2\/pages\/1006\/revisions\/1355"}],"wp:attachment":[{"href":"https:\/\/thelove.rs\/index.php\/wp-json\/wp\/v2\/media?parent=1006"}],"curies":[{"name":"wp","href":"https:\/\/api.w.org\/{rel}","templated":true}]}}