{"id":1119,"date":"2022-01-14T15:55:17","date_gmt":"2022-01-14T14:55:17","guid":{"rendered":"https:\/\/thelove.rs\/?page_id=1119"},"modified":"2022-10-17T22:23:24","modified_gmt":"2022-10-17T20:23:24","slug":"i-media","status":"publish","type":"page","link":"https:\/\/thelove.rs\/index.php\/sv\/i-media\/","title":{"rendered":"I media"},"content":{"rendered":"\n<h3 class=\"wp-block-heading\">P\u00e5 engelska<\/h3>\n\n\n\n<ul class=\"wp-block-list\"><li><a rel=\"noreferrer noopener\" href=\"https:\/\/open.spotify.com\/episode\/3IaldfLA9fyVFEHhcMndWG?si=6afd47f14a2d4cbe\" target=\"_blank\">Poddintervju av Jo Hall i podcasten &#8220;Find your fit&#8221; &#8211; a conversation on relationships and sex &#8211; januari 2022<\/a> <\/li><\/ul>\n\n\n\n<h3 class=\"wp-block-heading\">P\u00e5 svenska<\/h3>\n\n\n\n<ul class=\"wp-block-list\"><li><a href=\"https:\/\/www.patreon.com\/gottsnack\" target=\"_blank\" rel=\"noreferrer noopener\">G\u00e4ster i studion hos GottSnackRadio &#8211;  Avsnitt 597 bakom betall\u00e4nk $6,50\/m\u00e5n &#8211; oktober 2022<br><\/a><\/li><li><a rel=\"noreferrer noopener\" href=\"https:\/\/thelove.rs\/wp-content\/uploads\/2022\/09\/21-sept-2022.mp4\" target=\"_blank\">Radiointervju i P4Extra av Titti Schulz om sex och lust &#8211; september 2022<\/a><\/li><\/ul>\n\n\n\n<ul class=\"wp-block-list\"><li><a href=\"https:\/\/thelove.rs\/wp-content\/uploads\/2022\/09\/Amelia-sept-2022.pdf\" target=\"_blank\" rel=\"noreferrer noopener\">Intervju av Lisa N\u00e4s i Amelia och Expressen.se om sex i 1000 dagar &#8211; september 2022<\/a><\/li><\/ul>\n\n\n\n<ul class=\"wp-block-list\"><li><a href=\"https:\/\/thelove.rs\/wp-content\/uploads\/2022\/09\/Sex-1000-dager-i-strekk-Therese-og-Hunters-elleville-sexliv-1.pdf\">Intervju i Norska Dagbladet om sex i 1000 dagar &#8211; september 2022<\/a><\/li><\/ul>\n\n\n\n<ul class=\"wp-block-list\"><li><a rel=\"noreferrer noopener\" href=\"https:\/\/thelove.rs\/wp-content\/uploads\/2022\/07\/Tess-och-Hunter-Aftonbladet-juni-2022.pdf\" target=\"_blank\">Intervju i Aftonbladet Premium om &#8220;L\u00e5ngvariga relationer&#8221; &#8211; juli 2022<\/a><br><\/li><li><a rel=\"noreferrer noopener\" href=\"https:\/\/open.spotify.com\/episode\/4s3K8XMaCdvHeu4gzXPJry?si=a54cfdbaa07e4dc2\" target=\"_blank\">Poddintervju i Madeleine och Peters podd &#8220;<em>Going Deeper<\/em>&#8221; om hur beh\u00e5lla lust och attraktion i l\u00e5ngvarig relation &#8211; november 2021<\/a><\/li><\/ul>\n\n\n\n<ul class=\"wp-block-list\"><li><a rel=\"noreferrer noopener\" target=\"_blank\" href=\"https:\/\/www.allas.se\/relationer\/karlekscoacherna-basta-knepen-livslang-passion\/7867138?fbclid=IwAR1v_GyryGRk908_xz-0UNU6HF_WCnBZ1dqgKDXRi8B97HLT4sHmHS_xUDI\">Intervju i Allas: B\u00e4sta knepen f\u00f6r l\u00e5ngvarig passion &#8211; september 2021<\/a><\/li><\/ul>\n\n\n\n<ul class=\"wp-block-list\"><li><a rel=\"noreferrer noopener\" target=\"_blank\" href=\"https:\/\/largiplex.se\/blogg\/lust-efter-50-vi-har-haft-sex-1-000-dagar-i-rad\/\">Samarbete om lust efter 50 &#8211; intervju, bilder samt mediekampanj v\u00e5ren 2021<\/a><\/li><\/ul>\n\n\n\n<ul class=\"wp-block-list\"><li><a rel=\"noreferrer noopener\" href=\"https:\/\/youtu.be\/SdiHdg041HY\" target=\"_blank\">Digitalt m\u00f6te med Relate Boost anv\u00e4ndare &#8211; ett snack om &#8220;Hur bli b\u00e4ttre p\u00e5 att hantera konflikter&#8221; &#8211; inspelning p\u00e5 Youtube &#8211; februari 2021<\/a><\/li><\/ul>\n\n\n\n<ul class=\"wp-block-list\"><li><a href=\"https:\/\/thelove.rs\/wp-content\/uploads\/2022\/09\/2020.mp4\" target=\"_blank\" rel=\"noreferrer noopener\">Intervju i P4Extra av Titti Schulz &#8211; september 2020<\/a><\/li><\/ul>\n\n\n\n<ul class=\"wp-block-list\"><li><a rel=\"noreferrer noopener\" href=\"https:\/\/theresemabon.se\/2020\/10\/om-varandras-kroppar\/\" target=\"_blank\">Intervju och nakenfoto i tidningen Amelia (och p\u00e5 Expressen.se samt dagbladet.no) om att &#8220;Hylla sin partners kropp&#8221; &#8211; augusti 2020<\/a><\/li><\/ul>\n\n\n\n<hr class=\"wp-block-separator has-css-opacity\"\/>\n\n\n\n<blockquote class=\"wp-block-quote is-layout-flow wp-block-quote-is-layout-flow\"><p>Vill du bjuda in oss som g\u00e4ster eller intervjua oss?<\/p><cite><a href=\"https:\/\/thelove.rs\/index.php\/sv\/kontakt-2\/\" data-type=\"page\" data-id=\"992\" target=\"_blank\" rel=\"noreferrer noopener\">Kontakta oss h\u00e4r<\/a><\/cite><\/blockquote>\n\n\n\n<p><\/p>\n","protected":false},"excerpt":{"rendered":"<p>P\u00e5 engelska Poddintervju av Jo Hall i podcasten &#8220;Find your fit&#8221; &#8211; a conversation on relationships and sex &#8211; januari 2022 P\u00e5 svenska G\u00e4ster i studion hos GottSnackRadio &#8211; Avsnitt 597 bakom betall\u00e4nk $6,50\/m\u00e5n &#8211; oktober 2022 Radiointervju i P4Extra av Titti Schulz om sex och lust &#8211; september 2022 Intervju av Lisa N\u00e4s i [&hellip;]<\/p>\n","protected":false},"author":2,"featured_media":0,"parent":0,"menu_order":0,"comment_status":"closed","ping_status":"closed","template":"","meta":{"footnotes":""},"class_list":["post-1119","page","type-page","status-publish","hentry"],"_links":{"self":[{"href":"https:\/\/thelove.rs\/index.php\/wp-json\/wp\/v2\/pages\/1119","targetHints":{"allow":["GET"]}}],"collection":[{"href":"https:\/\/thelove.rs\/index.php\/wp-json\/wp\/v2\/pages"}],"about":[{"href":"https:\/\/thelove.rs\/index.php\/wp-json\/wp\/v2\/types\/page"}],"author":[{"embeddable":true,"href":"https:\/\/thelove.rs\/index.php\/wp-json\/wp\/v2\/users\/2"}],"replies":[{"embeddable":true,"href":"https:\/\/thelove.rs\/index.php\/wp-json\/wp\/v2\/comments?post=1119"}],"version-history":[{"count":24,"href":"https:\/\/thelove.rs\/index.php\/wp-json\/wp\/v2\/pages\/1119\/revisions"}],"predecessor-version":[{"id":1422,"href":"https:\/\/thelove.rs\/index.php\/wp-json\/wp\/v2\/pages\/1119\/revisions\/1422"}],"wp:attachment":[{"href":"https:\/\/thelove.rs\/index.php\/wp-json\/wp\/v2\/media?parent=1119"}],"curies":[{"name":"wp","href":"https:\/\/api.w.org\/{rel}","templated":true}]}}