{"id":1267,"date":"2022-03-11T08:17:47","date_gmt":"2022-03-11T07:17:47","guid":{"rendered":"https:\/\/thelove.rs\/?page_id=1267"},"modified":"2022-10-17T22:39:35","modified_gmt":"2022-10-17T20:39:35","slug":"dinner-projects-for-vara-gaster","status":"publish","type":"page","link":"https:\/\/thelove.rs\/index.php\/sv\/dinner-projects-for-vara-gaster\/","title":{"rendered":"Dinner Projects &#8211; f\u00f6r v\u00e5ra g\u00e4ster"},"content":{"rendered":"<div class=\"wp-block-image\">\n<figure class=\"aligncenter size-large is-resized\"><img loading=\"lazy\" decoding=\"async\" src=\"https:\/\/thelove.rs\/wp-content\/uploads\/2022\/03\/kelsey-chance-ZrhtQyGFG6s-unsplash-1024x683.jpg\" alt=\"\" class=\"wp-image-1268\" width=\"696\" height=\"464\" srcset=\"https:\/\/thelove.rs\/wp-content\/uploads\/2022\/03\/kelsey-chance-ZrhtQyGFG6s-unsplash-1024x683.jpg 1024w, https:\/\/thelove.rs\/wp-content\/uploads\/2022\/03\/kelsey-chance-ZrhtQyGFG6s-unsplash-300x200.jpg 300w, https:\/\/thelove.rs\/wp-content\/uploads\/2022\/03\/kelsey-chance-ZrhtQyGFG6s-unsplash-768x512.jpg 768w, https:\/\/thelove.rs\/wp-content\/uploads\/2022\/03\/kelsey-chance-ZrhtQyGFG6s-unsplash-1536x1024.jpg 1536w, https:\/\/thelove.rs\/wp-content\/uploads\/2022\/03\/kelsey-chance-ZrhtQyGFG6s-unsplash-2048x1365.jpg 2048w\" sizes=\"auto, (max-width: 696px) 100vw, 696px\" \/><\/figure>\n<\/div>\n\n\n<p><strong>Fredag 18 november kl 18.00 p\u00e5 Bigarr\u00e5v\u00e4gen 5, hemma hos oss. <br><\/strong><br>Varmt v\u00e4lkomna!<br>S\u00e5 kul att ni \u00e4r nyfikna p\u00e5 att komma p\u00e5 middag hos oss i v\u00e5rt i \u201dThe Dinner Project\u201d!<\/p>\n\n\n\n<p>Ni som \u00e4r inbjudna k\u00e4nner vi alla (4 par\/8 personer) p\u00e5 ett eller annat s\u00e4tt, men ni \u00e4r troligen inte bekanta med varandra alls. Eller kanske litegrann. <br>Att just inte vara n\u00e4ra v\u00e4nner kan ibland vara ett verktyg f\u00f6r att v\u00e5ga dela med sig av personliga, privata, kanske lite obekv\u00e4ma saker, detaljer, historier.  <\/p>\n\n\n\n<p>Vi bjuder p\u00e5 mat och vin och s\u00e5klart inbjudan att inspirera och inspireras av varandra. Att just ni vill komma och f\u00f6rgylla denna middagen ser vi mycket fram emot. <\/p>\n\n\n\n<p>Ni f\u00e5r nu ett par punkter att reflektera kring och prata igenom hemma innan ni kommer.&nbsp; <br>Middagens samtal kommer att r\u00f6ra sig kring relationer och vi bjuder in er alla att dela med er av ber\u00e4ttelser och h\u00e4ndelser fr\u00e5n era liv. V\u00e4rdarna agerar b\u00e5de samtalsledare och deltagare i samtalen.<\/p>\n\n\n\n<p><strong>Redo f\u00f6r punkterna?<\/strong><\/p>\n\n\n\n<ul class=\"wp-block-list\"><li>Kom \u00f6verens om vad ni k\u00e4nner er bekv\u00e4ma att dela med er av och var gr\u00e4nsen g\u00e5r f\u00f6r vad ni inte vill ber\u00e4tta om. Detta \u00e4r inget ni inbjuds att ber\u00e4tta om utan skall snarare ge er en gemensam grund att st\u00e5 p\u00e5 i samtalen under kv\u00e4llen. <\/li><li>Fundera kring vilket par som inspirerar er, vilka \u00e4r de, vad med dem inspirerar er &#8211; tag med er den funderingen och var beredda att dela med er kring bordet. Vi hoppas naturligtvis att det \u00e4r vi ;-), men v\u00e4lj ett annat par. <\/li><li>Tag med er en fr\u00e5ga eller ett dilemma som ni vill fr\u00e5ga\/prata om med alla n\u00e4rvarande kring middagen. Inte n\u00f6dv\u00e4ndigtvis n\u00e5got ni har varit med om. <\/li><li>Fundera kring era \u201dmissar\u201d i er relation, finns det n\u00e5got som ni kan dela med er av? Vad som h\u00e4nde, hur ni tog er igenom det och hur det har givit er relation en slags g\u00e5va.&nbsp;<\/li><li>Att ibland se sin parrelation som en tredje part med skilda behov fr\u00e5n er tv\u00e5 som individer kan g\u00f6ra det l\u00e4ttare att hantera exempelvis en konflikt. <br>F\u00f6rest\u00e4ll er att &#8220;er parrelation&#8221; \u00e4r en egen enhet- vad skulle ni d\u00e5 kalla den\/vilket namn skulle den f\u00e5? Att namnge parrelationen kan hj\u00e4lpa att lyfta perspektivet och se fr\u00e5n ett annat h\u00e5ll. <br>Vad vi kallar v\u00e5r parrelation? <br>The Lovers s\u00e5 klart. <br><\/li><\/ul>\n\n\n\n<p>\u00c5terigen &#8211; varmt v\u00e4lkomna och tveka inte att h\u00f6ra av er med fr\u00e5gor, funderingar eller hejarop!<\/p>\n\n\n\n<p>Och om ni \u00e4nnu inte har lyssnat p\u00e5 n\u00e5gon av <a href=\"https:\/\/linktr.ee\/thelovers\" target=\"_blank\" rel=\"noreferrer noopener\">v\u00e5ra podd-s\u00e4songer<\/a> s\u00e5 \u00e4r ni varmt v\u00e4lkomna att g\u00f6ra det och g\u00e4rna l\u00e4mna feedback &lt;3<\/p>\n\n\n\n<p><br>kramar fr\u00e5n The Lovers;<br>aka Hunter &amp; Therese (Tess)<\/p>\n","protected":false},"excerpt":{"rendered":"<p>Fredag 18 november kl 18.00 p\u00e5 Bigarr\u00e5v\u00e4gen 5, hemma hos oss. Varmt v\u00e4lkomna!S\u00e5 kul att ni \u00e4r nyfikna p\u00e5 att komma p\u00e5 middag hos oss i v\u00e5rt i \u201dThe Dinner Project\u201d! Ni som \u00e4r inbjudna k\u00e4nner vi alla (4 par\/8 personer) p\u00e5 ett eller annat s\u00e4tt, men ni \u00e4r troligen inte bekanta med varandra alls. [&hellip;]<\/p>\n","protected":false},"author":2,"featured_media":0,"parent":0,"menu_order":0,"comment_status":"closed","ping_status":"closed","template":"","meta":{"footnotes":""},"class_list":["post-1267","page","type-page","status-publish","hentry"],"_links":{"self":[{"href":"https:\/\/thelove.rs\/index.php\/wp-json\/wp\/v2\/pages\/1267","targetHints":{"allow":["GET"]}}],"collection":[{"href":"https:\/\/thelove.rs\/index.php\/wp-json\/wp\/v2\/pages"}],"about":[{"href":"https:\/\/thelove.rs\/index.php\/wp-json\/wp\/v2\/types\/page"}],"author":[{"embeddable":true,"href":"https:\/\/thelove.rs\/index.php\/wp-json\/wp\/v2\/users\/2"}],"replies":[{"embeddable":true,"href":"https:\/\/thelove.rs\/index.php\/wp-json\/wp\/v2\/comments?post=1267"}],"version-history":[{"count":6,"href":"https:\/\/thelove.rs\/index.php\/wp-json\/wp\/v2\/pages\/1267\/revisions"}],"predecessor-version":[{"id":1426,"href":"https:\/\/thelove.rs\/index.php\/wp-json\/wp\/v2\/pages\/1267\/revisions\/1426"}],"wp:attachment":[{"href":"https:\/\/thelove.rs\/index.php\/wp-json\/wp\/v2\/media?parent=1267"}],"curies":[{"name":"wp","href":"https:\/\/api.w.org\/{rel}","templated":true}]}}