{"id":408,"date":"2021-02-08T13:00:59","date_gmt":"2021-02-08T13:00:59","guid":{"rendered":"http:\/\/thelove.rs\/?page_id=408"},"modified":"2021-02-08T13:01:00","modified_gmt":"2021-02-08T13:01:00","slug":"sexcoaching-for-par","status":"publish","type":"page","link":"https:\/\/thelove.rs\/index.php\/sexcoaching-for-par\/","title":{"rendered":"Sexcoaching f\u00f6r par"},"content":{"rendered":"\n<p>L\u00e4ngtar ni efter att v\u00e4cka sexlusten till liv? Har ni sv\u00e5rt att prata om sex? Vill du att din partner skall ta mer initiativ? Har ni bara samma sorts sex hela tiden? Vill ni ha olika mycket sex i er relation? Det finns m\u00e5nga f\u00e4llor som \u00e4r vanliga att par fastnar i. Vi kan hj\u00e4lpa er med dessa utmaningar och m\u00e5nga andra.<\/p>\n\n\n\n<p>Relationscoaching \u00e4r en sj\u00e4lvklar del av sexcoaching. Nyckel till bra sex i en fast relation ligger inte i din sexteknik. Vi l\u00e4r inte ut vart du skall slicka f\u00f6r att det skall bli bra sex. Finns det motst\u00e5nd eller bromsar hos din partner spelar det ingen roll vilken teknik du har. Ju b\u00e4ttre v\u00e4nner ni \u00e4r i er relation, desto b\u00e4ttre sex kommer ni att ha. Ju b\u00e4ttre sex ni har, desto b\u00e4ttre v\u00e4nner kommer ni att vara. Det s\u00e4ger b\u00e5de forskningen och vi.<\/p>\n\n\n\n<p>Vi \u00e4r bra p\u00e5 sex, att v\u00e5ga prata om sex och kommer att arbeta med er f\u00f6r att f\u00e5 bort skammen som kan finnas kring sex. Vi vet att det g\u00e5r att finna v\u00e4gar till bra sex, till det d\u00e4r som \u00e4r fullt av lust. F\u00f6r oss \u00e4r sex viktigt och vi prioriterar att ha sex med varandra ofta.<\/p>\n\n\n\n<p>Hur det ska se ut med sex, njutning, lust och intimitet i just er relation \u00e4r sj\u00e4lvklart upp till er. Vi kommer med \u00f6vningar, verktyg, utmaningar och st\u00f6ttar er p\u00e5 v\u00e4gen. Alltid med en lyh\u00f6rdhet till er och er relation.<\/p>\n\n\n\n<p>Sj\u00e4lvklart sker all coaching p\u00e5kl\u00e4tt.<\/p>\n","protected":false},"excerpt":{"rendered":"<p>L\u00e4ngtar ni efter att v\u00e4cka sexlusten till liv? Har ni sv\u00e5rt att prata om sex? Vill du att din partner skall ta mer initiativ? Har ni bara samma sorts sex hela tiden? Vill ni ha olika mycket sex i er relation? Det finns m\u00e5nga f\u00e4llor som \u00e4r vanliga att par fastnar i. Vi kan hj\u00e4lpa [&hellip;]<\/p>\n","protected":false},"author":2,"featured_media":0,"parent":0,"menu_order":0,"comment_status":"closed","ping_status":"closed","template":"","meta":{"footnotes":""},"class_list":["post-408","page","type-page","status-publish","hentry"],"_links":{"self":[{"href":"https:\/\/thelove.rs\/index.php\/wp-json\/wp\/v2\/pages\/408","targetHints":{"allow":["GET"]}}],"collection":[{"href":"https:\/\/thelove.rs\/index.php\/wp-json\/wp\/v2\/pages"}],"about":[{"href":"https:\/\/thelove.rs\/index.php\/wp-json\/wp\/v2\/types\/page"}],"author":[{"embeddable":true,"href":"https:\/\/thelove.rs\/index.php\/wp-json\/wp\/v2\/users\/2"}],"replies":[{"embeddable":true,"href":"https:\/\/thelove.rs\/index.php\/wp-json\/wp\/v2\/comments?post=408"}],"version-history":[{"count":1,"href":"https:\/\/thelove.rs\/index.php\/wp-json\/wp\/v2\/pages\/408\/revisions"}],"predecessor-version":[{"id":409,"href":"https:\/\/thelove.rs\/index.php\/wp-json\/wp\/v2\/pages\/408\/revisions\/409"}],"wp:attachment":[{"href":"https:\/\/thelove.rs\/index.php\/wp-json\/wp\/v2\/media?parent=408"}],"curies":[{"name":"wp","href":"https:\/\/api.w.org\/{rel}","templated":true}]}}