{"id":537,"date":"2021-03-24T11:48:13","date_gmt":"2021-03-24T10:48:13","guid":{"rendered":"http:\/\/thelove.rs\/?page_id=537"},"modified":"2022-10-22T09:04:59","modified_gmt":"2022-10-22T07:04:59","slug":"var-story","status":"publish","type":"page","link":"https:\/\/thelove.rs\/index.php\/sv\/var-story\/","title":{"rendered":"V\u00e5r story"},"content":{"rendered":"<div data-colibri-id=\"537-c1\" class=\"style-625 style-local-537-c1 position-relative\">\n  <!---->\n  <div data-colibri-component=\"section\" data-colibri-id=\"537-c2\" id=\"custom\" class=\"h-section h-section-global-spacing d-flex align-items-lg-center align-items-md-center align-items-center style-630 style-local-537-c2 position-relative\">\n    <!---->\n    <!---->\n    <div class=\"h-section-grid-container h-section-boxed-container\">\n      <!---->\n      <div data-colibri-id=\"537-c3\" class=\"h-row-container gutters-row-lg-2 gutters-row-md-2 gutters-row-0 gutters-row-v-lg-2 gutters-row-v-md-2 gutters-row-v-2 style-631 style-local-537-c3 position-relative\">\n        <!---->\n        <div class=\"h-row justify-content-lg-center justify-content-md-center justify-content-center align-items-lg-stretch align-items-md-stretch align-items-stretch gutters-col-lg-2 gutters-col-md-2 gutters-col-0 gutters-col-v-lg-2 gutters-col-v-md-2 gutters-col-v-2\">\n          <!---->\n          <div class=\"h-column h-column-container d-flex h-col-lg-auto h-col-md-auto h-col-auto style-632-outer style-local-537-c4-outer\">\n            <div data-colibri-id=\"537-c4\" class=\"d-flex h-flex-basis h-column__inner h-px-lg-2 h-px-md-2 h-px-2 v-inner-lg-2 v-inner-md-2 v-inner-2 style-632 style-local-537-c4 position-relative\">\n              <!---->\n              <!---->\n              <div class=\"w-100 h-y-container h-column__content h-column__v-align flex-basis-100 align-self-lg-start align-self-md-start align-self-start\">\n                <!---->\n                <div data-colibri-id=\"537-c5\" class=\"h-text h-text-component style-635 style-local-537-c5 position-relative h-element\">\n                  <!---->\n                  <!---->\n                  <div class=\"\">\n                    <p>Vi \u00e4lskar v\u00e5rt f\u00f6rh\u00e5llande. Och varandra. N\u00e4r vi fyllt 40 s\u00e5 ins\u00e5g vi att inte alla relationer var desamma. Separationer, olycka och \u201dhalvd\u00f6da\u201d blev uppenbara runt omkring oss. Bland familj, medarbetare, v\u00e4nner och grannar. Vi k\u00e4nde\n                      oss ledsna och olyckliga \u00f6ver dem, men ocks\u00e5 glatt \u00f6verraskade \u00f6ver att det inte g\u00e4llde oss.<\/p>\n                    <p>Vi b\u00f6rjade reflektera \u00f6ver v\u00e5rt f\u00f6rh\u00e5llande och dess framg\u00e5ng. Vad hade vi gjort? Vad hade vi inte gjort? Vad gjorde eller gjorde inte andra m\u00e4nniskor? Fanns det n\u00e5got som kunde g\u00f6ras f\u00f6r att f\u00f6rb\u00e4ttra relationerna omkring oss som\n                      misslyckades? Hur kunde vi hj\u00e4lpa andra? Och f\u00f6r oss, viktigast av allt, vad beh\u00f6vde v\u00e5rt f\u00f6rh\u00e5llande, inte bara f\u00f6r att \u00f6verleva utan ocks\u00e5 f\u00f6r att blomstra?<\/p>\n                    <p>P\u00e5 den tiden, f\u00f6rutom familjelivet med unga ton\u00e5ringar, var Tess vd f\u00f6r ett litet f\u00f6retag inom utbildningsbranschen och Hunter var egenf\u00f6retagare i marknadsf\u00f6ringsbranschen. Vi hade precis avslutat v\u00e5ra l\u00e5nga \u00e5taganden som spelare\n                      p\u00e5 rugbyscenen i Sverige. Ja, rugbyn \u00e4r d\u00e4r vi tr\u00e4ffades<\/p>\n                  <\/div>\n                <\/div>\n              <\/div>\n            <\/div>\n          <\/div>\n          <div class=\"h-column h-column-container d-flex h-col-lg-auto h-col-md-auto h-col-auto style-633-outer style-local-537-c6-outer\">\n            <div data-colibri-id=\"537-c6\" class=\"d-flex h-flex-basis h-column__inner h-px-lg-2 h-px-md-2 h-px-2 v-inner-lg-2 v-inner-md-2 v-inner-2 style-633 style-local-537-c6 position-relative\">\n              <!---->\n              <!---->\n              <div class=\"w-100 h-y-container h-column__content h-column__v-align flex-basis-100 align-self-lg-start align-self-md-start align-self-start\">\n                <!---->\n                <div data-colibri-id=\"537-c7\" class=\"d-block style-634 style-local-537-c7 position-relative h-element\">\n                  <!---->\n                  <div class=\"h-image__frame-container-outer\">\n                    <div class=\"h-image__frame-container\">\n                      <!---->\n                      <!---->\n                      <img loading=\"lazy\" decoding=\"async\" width=\"2500\" height=\"2021\" src=\"https:\/\/thelove.rs\/wp-content\/uploads\/2021\/11\/Bokhyllebild.jpg\" class=\"wp-image-782 style-634-image style-local-537-c7-image\" alt=\"\" srcset=\"https:\/\/thelove.rs\/wp-content\/uploads\/2021\/11\/Bokhyllebild.jpg 2500w, https:\/\/thelove.rs\/wp-content\/uploads\/2021\/11\/Bokhyllebild-300x243.jpg 300w, https:\/\/thelove.rs\/wp-content\/uploads\/2021\/11\/Bokhyllebild-1024x828.jpg 1024w, https:\/\/thelove.rs\/wp-content\/uploads\/2021\/11\/Bokhyllebild-768x621.jpg 768w, https:\/\/thelove.rs\/wp-content\/uploads\/2021\/11\/Bokhyllebild-1536x1242.jpg 1536w, https:\/\/thelove.rs\/wp-content\/uploads\/2021\/11\/Bokhyllebild-2048x1656.jpg 2048w, https:\/\/thelove.rs\/wp-content\/uploads\/2021\/11\/Bokhyllebild-1568x1268.jpg 1568w\" sizes=\"auto, (max-width: 2500px) 100vw, 2500px\" \/>\n                      <div class=\"h-image__frame h-hide-lg h-hide-md h-hide-sm style-634-frameImage style-local-537-c7-frameImage\"><\/div>\n                    <\/div>\n                  <\/div>\n                <\/div>\n              <\/div>\n            <\/div>\n          <\/div>\n        <\/div>\n      <\/div>\n    <\/div>\n  <\/div>\n  <div data-colibri-component=\"section\" data-colibri-id=\"537-c8\" id=\"custom-2\" class=\"h-section h-section-global-spacing d-flex align-items-lg-center align-items-md-center align-items-center style-636 style-local-537-c8 position-relative\">\n    <!---->\n    <!---->\n    <div class=\"h-section-grid-container h-section-boxed-container\">\n      <!---->\n      <div data-colibri-id=\"537-c9\" class=\"h-row-container gutters-row-lg-2 gutters-row-md-2 gutters-row-0 gutters-row-v-lg-2 gutters-row-v-md-2 gutters-row-v-2 style-637 style-local-537-c9 position-relative\">\n        <!---->\n        <div class=\"h-row justify-content-lg-center justify-content-md-center justify-content-center align-items-lg-stretch align-items-md-stretch align-items-stretch gutters-col-lg-2 gutters-col-md-2 gutters-col-0 gutters-col-v-lg-2 gutters-col-v-md-2 gutters-col-v-2\">\n          <!---->\n          <div class=\"h-column h-column-container d-flex h-col-lg-auto h-col-md-auto h-col-auto style-638-outer style-local-537-c10-outer\">\n            <div data-colibri-id=\"537-c10\" class=\"d-flex h-flex-basis h-column__inner h-px-lg-2 h-px-md-2 h-px-2 v-inner-lg-2 v-inner-md-2 v-inner-2 style-638 style-local-537-c10 position-relative\">\n              <!---->\n              <!---->\n              <div class=\"w-100 h-y-container h-column__content h-column__v-align flex-basis-100 align-self-lg-start align-self-md-start align-self-start\">\n                <!---->\n                <div data-colibri-id=\"537-c11\" class=\"d-block style-640 style-local-537-c11 position-relative h-element\">\n                  <!---->\n                  <div class=\"h-image__frame-container-outer\">\n                    <div class=\"h-image__frame-container\">\n                      <!---->\n                      <!---->\n                      <img loading=\"lazy\" decoding=\"async\" width=\"2560\" height=\"1707\" src=\"https:\/\/thelove.rs\/wp-content\/uploads\/2021\/11\/DSC01131-scaled.jpg\" class=\"wp-image-775 style-640-image style-local-537-c11-image\" alt=\"\" srcset=\"https:\/\/thelove.rs\/wp-content\/uploads\/2021\/11\/DSC01131-scaled.jpg 2560w, https:\/\/thelove.rs\/wp-content\/uploads\/2021\/11\/DSC01131-300x200.jpg 300w, https:\/\/thelove.rs\/wp-content\/uploads\/2021\/11\/DSC01131-1024x683.jpg 1024w, https:\/\/thelove.rs\/wp-content\/uploads\/2021\/11\/DSC01131-768x512.jpg 768w, https:\/\/thelove.rs\/wp-content\/uploads\/2021\/11\/DSC01131-1536x1024.jpg 1536w, https:\/\/thelove.rs\/wp-content\/uploads\/2021\/11\/DSC01131-2048x1365.jpg 2048w, https:\/\/thelove.rs\/wp-content\/uploads\/2021\/11\/DSC01131-1568x1045.jpg 1568w\" sizes=\"auto, (max-width: 2560px) 100vw, 2560px\" \/>\n                      <div class=\"h-image__frame h-hide-lg h-hide-md h-hide-sm style-640-frameImage style-local-537-c11-frameImage\"><\/div>\n                    <\/div>\n                  <\/div>\n                <\/div>\n              <\/div>\n            <\/div>\n          <\/div>\n          <div class=\"h-column h-column-container d-flex h-col-lg-auto h-col-md-auto h-col-auto style-639-outer style-local-537-c12-outer\">\n            <div data-colibri-id=\"537-c12\" class=\"d-flex h-flex-basis h-column__inner h-px-lg-2 h-px-md-2 h-px-2 v-inner-lg-2 v-inner-md-2 v-inner-2 style-639 style-local-537-c12 position-relative\">\n              <!---->\n              <!---->\n              <div class=\"w-100 h-y-container h-column__content h-column__v-align flex-basis-100 align-self-lg-start align-self-md-start align-self-start\">\n                <!---->\n                <div data-colibri-id=\"537-c13\" class=\"h-text h-text-component style-641 style-local-537-c13 position-relative h-element\">\n                  <!---->\n                  <!---->\n                  <div class=\"\">\n                    <p>Stora f\u00f6r\u00e4ndringar \u00e4gde rum i livet. Vi ville inte hamna d\u00e4r s\u00e5 m\u00e5nga andra gjorde. Vi ins\u00e5g att vi var tvungna att prioritera v\u00e5rt f\u00f6rh\u00e5llande, det liv vi ville leva och anstr\u00e4nga oss f\u00f6r det.<\/p>\n                    <p>Vid den tiden visste vi lite om hur vi skulle g\u00f6ra detta. Det fanns inte mycket uppenbar hj\u00e4lp tillg\u00e4nglig, det var inte n\u00e5got folk pratade om i allm\u00e4nhet, och det diskuterades inte heller vid middagar eller med kollegor. Inte konstigt\n                      att s\u00e5 m\u00e5nga relationer misslyckades.<\/p>\n                    <p>Tess b\u00f6rjade utforska litteraturen och andra k\u00e4llor som k\u00e4ndes relevanta f\u00f6r v\u00e5rt f\u00f6rh\u00e5llanden. En f\u00f6rsta insikt vid denna tidpunkt var att vi redan, dock helt omedvetet, anv\u00e4nde m\u00e5nga av de f\u00f6rdelaktiga relationsstrategierna. Det\n                      blev ocks\u00e5 uppenbart att de flesta av dessa strategier var relativt enkla verktyg att inf\u00f6rliva f\u00f6r alla f\u00f6rh\u00e5llanden om man bara k\u00e4nde till dom.<\/p>\n                    <p>\n                      <br>\n                    <\/p>\n                  <\/div>\n                <\/div>\n              <\/div>\n            <\/div>\n          <\/div>\n        <\/div>\n      <\/div>\n    <\/div>\n  <\/div>\n  <div data-colibri-component=\"section\" data-colibri-id=\"537-c14\" id=\"custom-3\" class=\"h-section h-section-global-spacing d-flex align-items-lg-center align-items-md-center align-items-center style-642 style-local-537-c14 position-relative\">\n    <!---->\n    <!---->\n    <div class=\"h-section-grid-container h-section-boxed-container\">\n      <!---->\n      <div data-colibri-id=\"537-c15\" class=\"h-row-container gutters-row-lg-2 gutters-row-md-2 gutters-row-0 gutters-row-v-lg-2 gutters-row-v-md-2 gutters-row-v-2 style-643 style-local-537-c15 position-relative\">\n        <!---->\n        <div class=\"h-row justify-content-lg-center justify-content-md-center justify-content-center align-items-lg-stretch align-items-md-stretch align-items-stretch gutters-col-lg-2 gutters-col-md-2 gutters-col-0 gutters-col-v-lg-2 gutters-col-v-md-2 gutters-col-v-2\">\n          <!---->\n          <div class=\"h-column h-column-container d-flex h-col-lg-auto h-col-md-auto h-col-auto style-644-outer style-local-537-c16-outer\">\n            <div data-colibri-id=\"537-c16\" class=\"d-flex h-flex-basis h-column__inner h-px-lg-2 h-px-md-2 h-px-2 v-inner-lg-2 v-inner-md-2 v-inner-2 style-644 style-local-537-c16 position-relative\">\n              <!---->\n              <!---->\n              <div class=\"w-100 h-y-container h-column__content h-column__v-align flex-basis-100 align-self-lg-start align-self-md-start align-self-start\">\n                <!---->\n                <div data-colibri-id=\"537-c17\" class=\"h-text h-text-component style-645 style-local-537-c17 position-relative h-element\">\n                  <!---->\n                  <!---->\n                  <div class=\"\">\n                    <p>Ett decennium senare, vi \u00e4r nu strax \u00f6ver 50 och i v\u00e5rt fj\u00e4rde \u00e4ktenskap med varandra. V\u00e5ra barn \u00e4r \u00e4ldre och v\u00e5ra karri\u00e4rer har f\u00f6r\u00e4ndrats i intensitet och riktning. Det ger oss mer tid att dela med oss \u200b\u200bav v\u00e5r visdom och kunskap.<\/p>\n                    <p>V\u00e5rt uppdrag idag \u00e4r att hj\u00e4lpa andra par att trivas och m\u00e5 bra i sina relationer. En del av detta gjorde vi f\u00f6rst genom v\u00e5r app \u201dThe Lovers\u201d som ger par tillg\u00e5ng till verktyg och mer kunskap som var sv\u00e5rt f\u00f6r oss att hitta. Nu har\n                      vi pensionerat v\u00e5r app fast dess inneh\u00e5ll forts\u00e4tter vi att dela med oss av p\u00e5 olika s\u00e4tt.\n                      <br>Vi har \u00e4ven en mini podcast, Snippets \u2013 The Lovers podcast, med korta program om olika \u00e4mnen kopplade till relationer. Dessutom coachar vi par och har \u201ctr\u00e4ningsl\u00e4ger\u201d f\u00f6r par som vill st\u00e4rka sin relation. Vi l\u00e4ngtar efter ett samh\u00e4lle\n                      d\u00e4r samtal om livet och relationer \u00e4r lika vanligt som att prata om v\u00e4dret.<\/p>\n                    <p>Vi skulle g\u00e4rna ha dig p\u00e5 v\u00e5r sida, vara nyfiken, v\u00e5ga mycket och trivas i ditt f\u00f6rh\u00e5llande. Vi tror att vi alla inspirerar varandra. Vi tror ocks\u00e5, som Esther Perel uttrycker det: \u201dKvaliteten p\u00e5 dina relationer avg\u00f6r kvaliteten p\u00e5\n                      ditt liv\u201d.<\/p>\n                    <p>V\u00e5r nyfikenhet s\u00e4tter inte stopp f\u00f6r oss h\u00e4r. Vi letar kontinuerligt efter nya s\u00e4tt att hj\u00e4lpa och f\u00f6rb\u00e4ttra v\u00e5ra och andras relationer.<\/p>\n                    <p>\n                      <br>\n                    <\/p>\n                    <p>Till v\u00e5r och din tj\u00e4nst,\n                      <br>Massor av k\u00e4rlek,<\/p>\n                    <p>The Lovers\u2026.\n                      <br>Hunter &amp; Tess<\/p>\n                  <\/div>\n                <\/div>\n              <\/div>\n            <\/div>\n          <\/div>\n        <\/div>\n      <\/div>\n    <\/div>\n  <\/div>\n<\/div>","protected":false},"excerpt":{"rendered":"<p>Vi \u00e4lskar v\u00e5rt f\u00f6rh\u00e5llande. Och varandra. N\u00e4r vi fyllt 40 s\u00e5 ins\u00e5g vi att inte alla relationer var desamma. Separationer, olycka och \u201dhalvd\u00f6da\u201d blev uppenbara runt omkring oss. Bland familj, medarbetare, v\u00e4nner och grannar. Vi k\u00e4nde oss ledsna och olyckliga \u00f6ver dem, men ocks\u00e5 glatt \u00f6verraskade \u00f6ver att det inte g\u00e4llde oss. Vi b\u00f6rjade reflektera [&hellip;]<\/p>\n","protected":false},"author":1,"featured_media":0,"parent":0,"menu_order":0,"comment_status":"closed","ping_status":"closed","template":"page-templates\/full-width-page.php","meta":{"footnotes":""},"class_list":["post-537","page","type-page","status-publish","hentry"],"_links":{"self":[{"href":"https:\/\/thelove.rs\/index.php\/wp-json\/wp\/v2\/pages\/537","targetHints":{"allow":["GET"]}}],"collection":[{"href":"https:\/\/thelove.rs\/index.php\/wp-json\/wp\/v2\/pages"}],"about":[{"href":"https:\/\/thelove.rs\/index.php\/wp-json\/wp\/v2\/types\/page"}],"author":[{"embeddable":true,"href":"https:\/\/thelove.rs\/index.php\/wp-json\/wp\/v2\/users\/1"}],"replies":[{"embeddable":true,"href":"https:\/\/thelove.rs\/index.php\/wp-json\/wp\/v2\/comments?post=537"}],"version-history":[{"count":9,"href":"https:\/\/thelove.rs\/index.php\/wp-json\/wp\/v2\/pages\/537\/revisions"}],"predecessor-version":[{"id":1429,"href":"https:\/\/thelove.rs\/index.php\/wp-json\/wp\/v2\/pages\/537\/revisions\/1429"}],"wp:attachment":[{"href":"https:\/\/thelove.rs\/index.php\/wp-json\/wp\/v2\/media?parent=537"}],"curies":[{"name":"wp","href":"https:\/\/api.w.org\/{rel}","templated":true}]}}