{"id":575,"date":"2021-03-24T15:28:51","date_gmt":"2021-03-24T14:28:51","guid":{"rendered":"http:\/\/thelove.rs\/?page_id=575"},"modified":"2021-12-18T14:04:08","modified_gmt":"2021-12-18T13:04:08","slug":"relationsprogrammet","status":"publish","type":"page","link":"https:\/\/thelove.rs\/index.php\/sv\/relationsprogrammet\/","title":{"rendered":"Relationsprogrammet"},"content":{"rendered":"<div data-colibri-id=\"575-c1\" class=\"style-708 style-local-575-c1 position-relative\">\n  <!---->\n  <div data-colibri-component=\"section\" data-colibri-id=\"575-c6\" id=\"custom\" class=\"h-section h-section-global-spacing d-flex align-items-lg-center align-items-md-center align-items-center style-713 style-local-575-c6 position-relative\">\n    <!---->\n    <!---->\n    <div class=\"h-section-grid-container h-section-boxed-container\">\n      <!---->\n      <div data-colibri-id=\"575-c7\" class=\"h-row-container gutters-row-lg-2 gutters-row-md-2 gutters-row-0 gutters-row-v-lg-2 gutters-row-v-md-2 gutters-row-v-2 style-714 style-local-575-c7 position-relative\">\n        <!---->\n        <div class=\"h-row justify-content-lg-center justify-content-md-center justify-content-center align-items-lg-stretch align-items-md-stretch align-items-stretch gutters-col-lg-2 gutters-col-md-2 gutters-col-0 gutters-col-v-lg-2 gutters-col-v-md-2 gutters-col-v-2\">\n          <!---->\n          <div class=\"h-column h-column-container d-flex h-col-lg-auto h-col-md-auto h-col-auto style-715-outer style-local-575-c8-outer\">\n            <div data-colibri-id=\"575-c8\" class=\"d-flex h-flex-basis h-column__inner h-px-lg-2 h-px-md-2 h-px-2 v-inner-lg-2 v-inner-md-2 v-inner-2 style-715 style-local-575-c8 position-relative\">\n              <!---->\n              <!---->\n              <div class=\"w-100 h-y-container h-column__content h-column__v-align flex-basis-100 align-self-lg-start align-self-md-start align-self-start\">\n                <!---->\n                <div data-colibri-id=\"575-c10\" class=\"d-block style-717 style-local-575-c10 position-relative h-element\">\n                  <!---->\n                  <div class=\"h-image__frame-container-outer\">\n                    <div class=\"h-image__frame-container\">\n                      <!---->\n                      <!---->\n                      <img loading=\"lazy\" decoding=\"async\" width=\"1869\" height=\"2560\" src=\"https:\/\/thelove.rs\/wp-content\/uploads\/2021\/10\/Gunga-1-scaled.jpg\" class=\"wp-image-686 style-717-image style-local-575-c10-image\" alt=\"\" srcset=\"https:\/\/thelove.rs\/wp-content\/uploads\/2021\/10\/Gunga-1-scaled.jpg 1869w, https:\/\/thelove.rs\/wp-content\/uploads\/2021\/10\/Gunga-1-219x300.jpg 219w, https:\/\/thelove.rs\/wp-content\/uploads\/2021\/10\/Gunga-1-748x1024.jpg 748w, https:\/\/thelove.rs\/wp-content\/uploads\/2021\/10\/Gunga-1-768x1052.jpg 768w, https:\/\/thelove.rs\/wp-content\/uploads\/2021\/10\/Gunga-1-1121x1536.jpg 1121w, https:\/\/thelove.rs\/wp-content\/uploads\/2021\/10\/Gunga-1-1495x2048.jpg 1495w, https:\/\/thelove.rs\/wp-content\/uploads\/2021\/10\/Gunga-1-1568x2148.jpg 1568w\" sizes=\"auto, (max-width: 1869px) 100vw, 1869px\" \/>\n                      <div class=\"h-image__frame h-hide-lg h-hide-md h-hide-sm style-717-frameImage style-local-575-c10-frameImage\"><\/div>\n                    <\/div>\n                  <\/div>\n                <\/div>\n              <\/div>\n            <\/div>\n          <\/div>\n          <div class=\"h-column h-column-container d-flex h-col-lg-auto h-col-md-auto h-col-auto style-716-outer style-local-575-c9-outer\">\n            <div data-colibri-id=\"575-c9\" class=\"d-flex h-flex-basis h-column__inner h-px-lg-2 h-px-md-2 h-px-2 v-inner-lg-2 v-inner-md-2 v-inner-2 style-716 style-local-575-c9 position-relative\">\n              <!---->\n              <!---->\n              <div class=\"w-100 h-y-container h-column__content h-column__v-align flex-basis-100 align-self-lg-start align-self-md-start align-self-start\">\n                <!---->\n                <div data-colibri-id=\"575-c11\" class=\"h-text h-text-component style-718 style-local-575-c11 position-relative h-element\">\n                  <!---->\n                  <!---->\n                  <div class=\"\">\n                    <p>I maj 2020 b\u00f6rjade vi utveckla en ny produkt till v\u00e5r portf\u00f6lj av relationsprodukter. The Lovers Relationsprogram. I januari 2021 s\u00e5 utf\u00f6rde vi v\u00e5r f\u00f6rst prototyp-kurs med stor framg\u00e5ng. Efter n\u00e5gra sm\u00e4rre justeringar \u00e4r vi nu \u00f6vertygade\n                      om att vi har en mycket stark produkt.<\/p>\n                  <\/div>\n                <\/div>\n                <div data-colibri-id=\"575-c12\" class=\"h-global-transition-all h-heading style-719 style-local-575-c12 position-relative h-element\">\n                  <!---->\n                  <div class=\"h-heading__outer style-719 style-local-575-c12\">\n                    <!---->\n                    <!---->\n                    <h3 class=\"\">Varf\u00f6r ett relationsprogram?<\/h3>\n                  <\/div>\n                <\/div>\n                <div data-colibri-id=\"575-c13\" class=\"h-text h-text-component style-720 style-local-575-c13 position-relative h-element\">\n                  <!---->\n                  <!---->\n                  <div class=\"\">\n                    <p>Vi tror och vet (eftersom vi har anammat flera kloka forskares tankar) att vi alla kan bli lite b\u00e4ttre versioner av sig sj\u00e4lva med lite hj\u00e4lp. Ett \u00e4ktenskap eller l\u00e4ngre relation kan ta fram det b\u00e4sta ur dig men ocks\u00e5 det s\u00e4msta.<\/p>\n                    <p>Vi f\u00f6rst\u00e5r att en relation kan blomstra i perioder likav\u00e4l som att den kan beh\u00f6va lite extern assistans ibland. I v\u00e5rt relationsprogram s\u00e5 kan paren dela p\u00e5 erfarenheter, l\u00e4ra sig av varandra och tr\u00e4na p\u00e5 \u00f6vningar som \u00e4r anpassade\n                      f\u00f6r ens egen niv\u00e5. En individuell utv\u00e4rdering g\u00f6rs alltid innan f\u00f6r att se till att gruppen kommer att fungera ihop och kunna dra nytta av varandra.<\/p>\n                    <p>Verktyg, \u00f6vningar, insikter, nya perspektiv och hoppfullhet blir g\u00e5van till er efter en l\u00e5nghelg med oss och n\u00e5gra andra par. Ett starkare band er emellan och troligen lite nya v\u00e4nner p\u00e5 k\u00f6pet.<\/p>\n                    <p>\n                      <br>\n                    <\/p>\n                    <p>\n                      <br>\n                    <\/p>\n                  <\/div>\n                <\/div>\n              <\/div>\n            <\/div>\n          <\/div>\n        <\/div>\n      <\/div>\n    <\/div>\n  <\/div>\n  <div data-colibri-component=\"section\" data-colibri-id=\"575-c14\" id=\"custom-2\" class=\"h-section h-section-global-spacing d-flex align-items-lg-center align-items-md-center align-items-center style-721 style-local-575-c14 position-relative\">\n    <!---->\n    <!---->\n    <div class=\"h-section-grid-container h-section-boxed-container\">\n      <!---->\n      <div data-colibri-id=\"575-c18\" class=\"h-row-container gutters-row-lg-2 gutters-row-md-2 gutters-row-0 gutters-row-v-lg-2 gutters-row-v-md-2 gutters-row-v-2 style-725 style-local-575-c18 position-relative\">\n        <!---->\n        <div class=\"h-row justify-content-lg-center justify-content-md-center justify-content-center align-items-lg-stretch align-items-md-stretch align-items-stretch gutters-col-lg-2 gutters-col-md-2 gutters-col-0 gutters-col-v-lg-2 gutters-col-v-md-2 gutters-col-v-2\">\n          <!---->\n          <div class=\"h-column h-column-container d-flex h-col-lg-auto h-col-md-auto h-col-auto style-726-outer style-local-575-c19-outer\">\n            <div data-colibri-id=\"575-c19\" class=\"d-flex h-flex-basis h-column__inner h-px-lg-2 h-px-md-2 h-px-2 v-inner-lg-2 v-inner-md-2 v-inner-2 style-726 style-local-575-c19 position-relative\">\n              <!---->\n              <!---->\n              <div class=\"w-100 h-y-container h-column__content h-column__v-align flex-basis-100 align-self-lg-start align-self-md-start align-self-start\">\n                <!---->\n                <div data-colibri-id=\"575-c20\" class=\"h-global-transition-all h-heading style-727 style-local-575-c20 position-relative h-element\">\n                  <!---->\n                  <div class=\"h-heading__outer style-727 style-local-575-c20\">\n                    <!---->\n                    <!---->\n                    <h4 class=\"\">Nedan ett par r\u00f6ster fr\u00e5n v\u00e5rt relationsprogram i januari 2021.<\/h4>\n                  <\/div>\n                <\/div>\n              <\/div>\n            <\/div>\n          <\/div>\n        <\/div>\n      <\/div>\n    <\/div>\n  <\/div>\n  <div data-colibri-component=\"section\" data-colibri-id=\"575-c21\" id=\"about\" class=\"h-section h-section-global-spacing d-flex align-items-lg-center align-items-md-center align-items-center style-728 style-local-575-c21 position-relative\">\n    <!---->\n    <!---->\n    <div class=\"h-section-grid-container h-section-boxed-container\">\n      <!---->\n      <div data-colibri-id=\"575-c22\" class=\"h-row-container gutters-row-lg-0 gutters-row-md-0 gutters-row-0 gutters-row-v-lg-0 gutters-row-v-md-0 gutters-row-v-0 style-729 style-local-575-c22 position-relative\">\n        <!---->\n        <div class=\"h-row justify-content-lg-center justify-content-md-center justify-content-center align-items-lg-stretch align-items-md-stretch align-items-stretch gutters-col-lg-0 gutters-col-md-0 gutters-col-0 gutters-col-v-lg-0 gutters-col-v-md-0 gutters-col-v-0\">\n          <!---->\n          <div class=\"h-column h-column-container d-flex h-col-lg-auto h-col-md-auto h-col-auto style-730-outer style-local-575-c23-outer\">\n            <div data-colibri-id=\"575-c23\" class=\"d-flex h-flex-basis h-column__inner h-px-lg-0 h-px-md-0 h-px-0 v-inner-lg-1 v-inner-md-1 v-inner-1 style-730 style-local-575-c23 position-relative\">\n              <!---->\n              <!---->\n              <div class=\"w-100 h-y-container h-column__content h-column__v-align flex-basis-100 align-self-lg-start align-self-md-start align-self-start\">\n                <!---->\n                <div data-colibri-id=\"575-c25\" class=\"h-global-transition-all h-heading style-732 style-local-575-c25 position-relative h-element\">\n                  <!---->\n                  <div class=\"h-heading__outer style-732 style-local-575-c25\">\n                    <!---->\n                    <!---->\n                    <h3 class=\"\">Ett mycket bra program som alla par borde g\u00e5 igenom. Det har gett massvis f\u00f6r v\u00e5rt f\u00f6rh\u00e5llande samt en plan f\u00f6r hur vi ska forts\u00e4tta utvecklas.<\/h3>\n                  <\/div>\n                <\/div>\n                <div data-colibri-id=\"575-c26\" class=\"h-text h-text-component style-733 style-local-575-c26 position-relative h-element\">\n                  <!---->\n                  <!---->\n                  <div class=\"\">\n                    <p>Man, 51 \u00e5r<\/p>\n                  <\/div>\n                <\/div>\n              <\/div>\n            <\/div>\n          <\/div>\n        <\/div>\n      <\/div>\n    <\/div>\n  <\/div>\n  <div data-colibri-component=\"section\" data-colibri-id=\"575-c28\" id=\"about-2\" class=\"h-section h-section-global-spacing d-flex align-items-lg-center align-items-md-center align-items-center style-735 style-local-575-c28 position-relative\">\n    <!---->\n    <!---->\n    <div class=\"h-section-grid-container h-section-boxed-container\">\n      <!---->\n      <div data-colibri-id=\"575-c29\" class=\"h-row-container gutters-row-lg-0 gutters-row-md-0 gutters-row-0 gutters-row-v-lg-0 gutters-row-v-md-0 gutters-row-v-0 style-736 style-local-575-c29 position-relative\">\n        <!---->\n        <div class=\"h-row justify-content-lg-center justify-content-md-center justify-content-center align-items-lg-stretch align-items-md-stretch align-items-stretch gutters-col-lg-0 gutters-col-md-0 gutters-col-0 gutters-col-v-lg-0 gutters-col-v-md-0 gutters-col-v-0\">\n          <!---->\n          <div class=\"h-column h-column-container d-flex h-col-lg-auto h-col-md-auto h-col-auto style-737-outer style-local-575-c30-outer\">\n            <div data-colibri-id=\"575-c30\" class=\"d-flex h-flex-basis h-column__inner h-px-lg-0 h-px-md-0 h-px-0 v-inner-lg-1 v-inner-md-1 v-inner-1 style-737 style-local-575-c30 position-relative\">\n              <!---->\n              <!---->\n              <div class=\"w-100 h-y-container h-column__content h-column__v-align flex-basis-100 align-self-lg-start align-self-md-start align-self-start\">\n                <!---->\n                <div data-colibri-id=\"575-c32\" class=\"h-global-transition-all h-heading style-739 style-local-575-c32 position-relative h-element\">\n                  <!---->\n                  <div class=\"h-heading__outer style-739 style-local-575-c32\">\n                    <!---->\n                    <!---->\n                    <h3 class=\"\">Det \u00e4r viktigt att investera tid och pengar i sin framtid och ett liv med mer sex.<\/h3>\n                  <\/div>\n                <\/div>\n                <div data-colibri-id=\"575-c33\" class=\"h-text h-text-component style-740 style-local-575-c33 position-relative h-element\">\n                  <!---->\n                  <!---->\n                  <div class=\"\">\n                    <p>Pigge Werkelin<\/p>\n                  <\/div>\n                <\/div>\n              <\/div>\n            <\/div>\n          <\/div>\n        <\/div>\n      <\/div>\n    <\/div>\n  <\/div>\n  <div data-colibri-component=\"section\" data-colibri-id=\"575-c35\" id=\"about-3\" class=\"h-section h-section-global-spacing d-flex align-items-lg-center align-items-md-center align-items-center style-742 style-local-575-c35 position-relative\">\n    <!---->\n    <!---->\n    <div class=\"h-section-grid-container h-section-boxed-container\">\n      <!---->\n      <div data-colibri-id=\"575-c36\" class=\"h-row-container gutters-row-lg-0 gutters-row-md-0 gutters-row-0 gutters-row-v-lg-0 gutters-row-v-md-0 gutters-row-v-0 style-743 style-local-575-c36 position-relative\">\n        <!---->\n        <div class=\"h-row justify-content-lg-center justify-content-md-center justify-content-center align-items-lg-stretch align-items-md-stretch align-items-stretch gutters-col-lg-0 gutters-col-md-0 gutters-col-0 gutters-col-v-lg-0 gutters-col-v-md-0 gutters-col-v-0\">\n          <!---->\n          <div class=\"h-column h-column-container d-flex h-col-lg-auto h-col-md-auto h-col-auto style-744-outer style-local-575-c37-outer\">\n            <div data-colibri-id=\"575-c37\" class=\"d-flex h-flex-basis h-column__inner h-px-lg-0 h-px-md-0 h-px-0 v-inner-lg-1 v-inner-md-1 v-inner-1 style-744 style-local-575-c37 position-relative\">\n              <!---->\n              <!---->\n              <div class=\"w-100 h-y-container h-column__content h-column__v-align flex-basis-100 align-self-lg-start align-self-md-start align-self-start\">\n                <!---->\n                <div data-colibri-id=\"575-c39\" class=\"h-global-transition-all h-heading style-746 style-local-575-c39 position-relative h-element\">\n                  <!---->\n                  <div class=\"h-heading__outer style-746 style-local-575-c39\">\n                    <!---->\n                    <!---->\n                    <h3 class=\"\">Det \u00e4r en vaccination f\u00f6r att f\u00f6rhindra allvarliga relationsproblem!<\/h3>\n                  <\/div>\n                <\/div>\n                <div data-colibri-id=\"575-c40\" class=\"h-text h-text-component style-747 style-local-575-c40 position-relative h-element\">\n                  <!---->\n                  <!---->\n                  <div class=\"\">\n                    <p>Lotta Hellman&nbsp;<\/p>\n                  <\/div>\n                <\/div>\n              <\/div>\n            <\/div>\n          <\/div>\n        <\/div>\n      <\/div>\n    <\/div>\n  <\/div>\n<\/div>","protected":false},"excerpt":{"rendered":"<p>I maj 2020 b\u00f6rjade vi utveckla en ny produkt till v\u00e5r portf\u00f6lj av relationsprodukter. The Lovers Relationsprogram. I januari 2021 s\u00e5 utf\u00f6rde vi v\u00e5r f\u00f6rst prototyp-kurs med stor framg\u00e5ng. Efter n\u00e5gra sm\u00e4rre justeringar \u00e4r vi nu \u00f6vertygade om att vi har en mycket stark produkt. Varf\u00f6r ett relationsprogram? Vi tror och vet (eftersom vi har [&hellip;]<\/p>\n","protected":false},"author":1,"featured_media":0,"parent":0,"menu_order":0,"comment_status":"closed","ping_status":"closed","template":"page-templates\/full-width-page.php","meta":{"footnotes":""},"class_list":["post-575","page","type-page","status-publish","hentry"],"_links":{"self":[{"href":"https:\/\/thelove.rs\/index.php\/wp-json\/wp\/v2\/pages\/575","targetHints":{"allow":["GET"]}}],"collection":[{"href":"https:\/\/thelove.rs\/index.php\/wp-json\/wp\/v2\/pages"}],"about":[{"href":"https:\/\/thelove.rs\/index.php\/wp-json\/wp\/v2\/types\/page"}],"author":[{"embeddable":true,"href":"https:\/\/thelove.rs\/index.php\/wp-json\/wp\/v2\/users\/1"}],"replies":[{"embeddable":true,"href":"https:\/\/thelove.rs\/index.php\/wp-json\/wp\/v2\/comments?post=575"}],"version-history":[{"count":4,"href":"https:\/\/thelove.rs\/index.php\/wp-json\/wp\/v2\/pages\/575\/revisions"}],"predecessor-version":[{"id":984,"href":"https:\/\/thelove.rs\/index.php\/wp-json\/wp\/v2\/pages\/575\/revisions\/984"}],"wp:attachment":[{"href":"https:\/\/thelove.rs\/index.php\/wp-json\/wp\/v2\/media?parent=575"}],"curies":[{"name":"wp","href":"https:\/\/api.w.org\/{rel}","templated":true}]}}