{"id":602,"date":"2021-06-24T13:04:02","date_gmt":"2021-06-24T11:04:02","guid":{"rendered":"http:\/\/thelove.rs\/?page_id=602"},"modified":"2021-06-24T14:00:13","modified_gmt":"2021-06-24T12:00:13","slug":"parkurs-hosten-2021","status":"publish","type":"page","link":"https:\/\/thelove.rs\/index.php\/parkurs-hosten-2021\/","title":{"rendered":"Parkurs h\u00f6sten 2021"},"content":{"rendered":"\n<figure class=\"wp-block-video\"><video height=\"1080\" style=\"aspect-ratio: 1920 \/ 1080;\" width=\"1920\" controls src=\"https:\/\/thelove.rs\/wp-content\/uploads\/2021\/06\/Video9NY.mp4\"><\/video><\/figure>\n\n\n\n<p>\u00c4r det dags f\u00f6r Dig och din partner att ta er relation och ert sexliv till n\u00e4sta niv\u00e5?<br><\/p>\n\n\n\n<p>Vi jobbar med parcoaching och parkurser och hj\u00e4lper par att f\u00f6rst\u00e4rka sin relation.<br>Tillsammans synligg\u00f6r vi era styrkor, dvs s\u00e5dant som ni idag redan g\u00f6r som \u00e4r framg\u00e5ngsrikt f\u00f6r er relation.<br>Vi har \u00e4ven en bred repertoar av verktyg f\u00f6r att jobba med svagheterna i relationen.&nbsp;<\/p>\n\n\n\n<p>P\u00e5 v\u00e5ra parkurser s\u00e5 f\u00e5r ni tillf\u00e4lle att tr\u00e4na p\u00e5 flera av verktygen. En annan stor f\u00f6rdel \u00e4r kraften av de andra parens historier och erfarenheter.&nbsp;<\/p>\n\n\n\n<p>L\u00e5ter detta r\u00e4tt f\u00f6r er?<br>Skicka oss er ans\u00f6kan till v\u00e5r parkurs i september.&nbsp;<\/p>\n","protected":false},"excerpt":{"rendered":"<p>\u00c4r det dags f\u00f6r Dig och din partner att ta er relation och ert sexliv till n\u00e4sta niv\u00e5? Vi jobbar med parcoaching och parkurser och hj\u00e4lper par att f\u00f6rst\u00e4rka sin relation.Tillsammans synligg\u00f6r vi era styrkor, dvs s\u00e5dant som ni idag redan g\u00f6r som \u00e4r framg\u00e5ngsrikt f\u00f6r er relation.Vi har \u00e4ven en bred repertoar av verktyg [&hellip;]<\/p>\n","protected":false},"author":1,"featured_media":0,"parent":0,"menu_order":0,"comment_status":"closed","ping_status":"closed","template":"","meta":{"footnotes":""},"class_list":["post-602","page","type-page","status-publish","hentry"],"_links":{"self":[{"href":"https:\/\/thelove.rs\/index.php\/wp-json\/wp\/v2\/pages\/602","targetHints":{"allow":["GET"]}}],"collection":[{"href":"https:\/\/thelove.rs\/index.php\/wp-json\/wp\/v2\/pages"}],"about":[{"href":"https:\/\/thelove.rs\/index.php\/wp-json\/wp\/v2\/types\/page"}],"author":[{"embeddable":true,"href":"https:\/\/thelove.rs\/index.php\/wp-json\/wp\/v2\/users\/1"}],"replies":[{"embeddable":true,"href":"https:\/\/thelove.rs\/index.php\/wp-json\/wp\/v2\/comments?post=602"}],"version-history":[{"count":4,"href":"https:\/\/thelove.rs\/index.php\/wp-json\/wp\/v2\/pages\/602\/revisions"}],"predecessor-version":[{"id":626,"href":"https:\/\/thelove.rs\/index.php\/wp-json\/wp\/v2\/pages\/602\/revisions\/626"}],"wp:attachment":[{"href":"https:\/\/thelove.rs\/index.php\/wp-json\/wp\/v2\/media?parent=602"}],"curies":[{"name":"wp","href":"https:\/\/api.w.org\/{rel}","templated":true}]}}